{"id":28648,"date":"2021-01-01T22:08:22","date_gmt":"2021-01-02T03:08:22","guid":{"rendered":"https:\/\/nadiazheng.com\/portrait-pricing\/"},"modified":"2026-03-05T15:57:42","modified_gmt":"2026-03-05T20:57:42","slug":"portrait-pricing","status":"publish","type":"page","link":"https:\/\/nadiazheng.com\/fr\/portrait-pricing\/","title":{"rendered":"Tarification et R\u00e9servation de Portraits"},"content":{"rendered":"<div class=\"wpb-content-wrapper\">[vc_row row_type=\u00a0\u00bbrow\u00a0\u00bb use_row_as_full_screen_section=\u00a0\u00bbno\u00a0\u00bb type=\u00a0\u00bbfull_width\u00a0\u00bb text_align=\u00a0\u00bbleft\u00a0\u00bb background_animation=\u00a0\u00bbnone\u00a0\u00bb css_animation=\u00a0\u00bb\u00a0\u00bb][vc_column][vc_empty_space][vc_text_separator title=\u00a0\u00bbPortrait Pricing &amp; Booking\u00a0\u00bb css_animation=\u00a0\u00bbnone\u00a0\u00bb][vc_empty_space][\/vc_column][\/vc_row][vc_row row_type=\u00a0\u00bbrow\u00a0\u00bb use_row_as_full_screen_section=\u00a0\u00bbno\u00a0\u00bb type=\u00a0\u00bbfull_width\u00a0\u00bb text_align=\u00a0\u00bbleft\u00a0\u00bb background_animation=\u00a0\u00bbnone\u00a0\u00bb css_animation=\u00a0\u00bb\u00a0\u00bb css=\u00a0\u00bb.vc_custom_1609299439839{margin: 0px !important;padding: 0px !important;background-color: #ededed !important;border: 0px initial !important;}\u00a0\u00bb][vc_column width=\u00a0\u00bb1\/2&Prime; css=\u00a0\u00bb.vc_custom_1609299395792{margin: 0px !important;padding: 0px !important;border: 0px initial !important;}\u00a0\u00bb][vc_column_text css=\u00a0\u00bb.vc_custom_1682454634595{padding-top: 60px !important;padding-right: 30px !important;padding-left: 40px !important;}\u00a0\u00bb]\n<h3 class=\"qode-iwoi-title\">S\u00e9ance de portrait express<\/h3>\n<p>Une s\u00e9ance rapide pour mettre \u00e0 jour votre portrait professionnel et votre profil LinkedIn.<\/p>\n<p>&nbsp;<\/p>\n<h6 style=\"text-align: right;\">$200+taxe<\/h6>\n<h6>Comprend:<\/h6>\n<ul>\n<li>S\u00e9ance express de prise de vue de 15 minutes en studio<\/li>\n<li>1 tenue et 1 fond<\/li>\n<li>Galerie de preuves priv\u00e9e<\/li>\n<li>1 photo num\u00e9rique haute r\u00e9solution retouch\u00e9e en d\u00e9tail incluse<\/li>\n<li>Livraison des fichiers finaux dans les 3 jours suivant votre s\u00e9lection<\/li>\n<\/ul>\n<p>&nbsp;<\/p>\n<p>Options suppl\u00e9mentaires :<\/p>\n<ul>\n<li>Photo suppl\u00e9mentaire retouch\u00e9e : 50 $ chacune + taxes<\/li>\n<li>T\u00e9l\u00e9chargement de la galerie de preuves : 50 $ + taxes<\/li>\n<\/ul>\n[\/vc_column_text][vc_empty_space height=\u00a0\u00bb12px\u00a0\u00bb]<a href=\"https:\/\/squareup.com\/appointments\/book\/wdza4qs0mkiohw\/LXF5K4SE0421J\/services\" target=\"_blank\"  class=\"qbutton  large move_icon\" style=\"font-style: normal; font-weight: 600; \">Book Now<\/a>[\/vc_column][vc_column width=\u00a0\u00bb1\/2&Prime; css=\u00a0\u00bb.vc_custom_1609299429976{margin: 0px !important;padding: 0px !important;border: 0px initial !important;}\u00a0\u00bb][vc_single_image image=\u00a0\u00bb23698&Prime; img_size=\u00a0\u00bbfull\u00a0\u00bb alignment=\u00a0\u00bbright\u00a0\u00bb css=\u00a0\u00bb.vc_custom_1656947242906{margin-top: 0px !important;margin-right: 0px !important;margin-bottom: 0px !important;margin-left: 0px !important;padding-top: 0px !important;padding-right: 0px !important;padding-bottom: 0px !important;padding-left: 0px !important;}\u00a0\u00bb qode_css_animation=\u00a0\u00bb\u00a0\u00bb][\/vc_column][\/vc_row][vc_row row_type=\u00a0\u00bbrow\u00a0\u00bb use_row_as_full_screen_section=\u00a0\u00bbno\u00a0\u00bb type=\u00a0\u00bbfull_width\u00a0\u00bb text_align=\u00a0\u00bbleft\u00a0\u00bb background_animation=\u00a0\u00bbnone\u00a0\u00bb css_animation=\u00a0\u00bb\u00a0\u00bb][vc_column][vc_empty_space][\/vc_column][\/vc_row][vc_row row_type=\u00a0\u00bbrow\u00a0\u00bb use_row_as_full_screen_section=\u00a0\u00bbno\u00a0\u00bb type=\u00a0\u00bbfull_width\u00a0\u00bb text_align=\u00a0\u00bbleft\u00a0\u00bb background_animation=\u00a0\u00bbnone\u00a0\u00bb css_animation=\u00a0\u00bb\u00a0\u00bb css=\u00a0\u00bb.vc_custom_1609299540981{margin: 0px !important;padding: 0px !important;background-color: #ededed !important;border: 0px initial !important;}\u00a0\u00bb][vc_column width=\u00a0\u00bb1\/2&Prime; css=\u00a0\u00bb.vc_custom_1609297045272{padding: 0px !important;border: 0px initial !important;}\u00a0\u00bb][vc_single_image image=\u00a0\u00bb28130&Prime; img_size=\u00a0\u00bbfull\u00a0\u00bb qode_css_animation=\u00a0\u00bb\u00a0\u00bb][\/vc_column][vc_column width=\u00a0\u00bb1\/2&Prime;][vc_column_text css=\u00a0\u00bb.vc_custom_1772744236462{padding-top: 60px !important;padding-right: 30px !important;padding-left: 30px !important;}\u00a0\u00bb]\n<h3 class=\"qode-iwoi-title\">S\u00e9ance de portrait basique<\/h3>\n<p>Id\u00e9al pour les portraits professionnels, les profils LinkedIn, la marque personnelle, les portraits d&rsquo;acteurs, les profils de mannequins, les profils de rencontres en ligne, etc.<\/p>\n<p>&nbsp;<\/p>\n<h6 style=\"text-align: right;\">$300+taxe<\/h6>\n<h6>Comprend:<\/h6>\n<ul>\n<li>S\u00e9ance d&rsquo;une heure en studio<\/li>\n<li>Possibilit\u00e9 de changement de tenue et\/ou d&rsquo;arri\u00e8re-plan si n\u00e9cessaire<\/li>\n<li>2 photos num\u00e9riques haute r\u00e9solution retouch\u00e9es en d\u00e9tail inclues<\/li>\n<li>Galerie de preuves priv\u00e9e avec t\u00e9l\u00e9chargement des photos en r\u00e9solution web<\/li>\n<li>Livraison des fichiers finaux dans les 3 jours suivant votre s\u00e9lection<\/li>\n<\/ul>\n<p>&nbsp;<\/p>\n<p>Options suppl\u00e9mentaires :<\/p>\n<ul>\n<li>Maquillage professionnel: 175$ + taxes<\/li>\n<li>Maquillage + coiffure: 200$ + taxes<\/li>\n<li>Photo suppl\u00e9mentaire retouch\u00e9e : 50 $ chacune + taxes<\/li>\n<li>Collection compl\u00e8te de la galerie en haute r\u00e9solution avec des photos \u00e9dit\u00e9es de base, non retouch\u00e9es : 400 $ + taxes<\/li>\n<\/ul>\n[\/vc_column_text][vc_empty_space height=\u00a0\u00bb12px\u00a0\u00bb]<a href=\"https:\/\/squareup.com\/appointments\/book\/wdza4qs0mkiohw\/LXF5K4SE0421J\/services\" target=\"_blank\"  class=\"qbutton  large move_icon\" style=\"font-style: normal; font-weight: 600; \">Book Now<\/a>[\/vc_column][\/vc_row][vc_row row_type=\u00a0\u00bbrow\u00a0\u00bb use_row_as_full_screen_section=\u00a0\u00bbno\u00a0\u00bb type=\u00a0\u00bbfull_width\u00a0\u00bb text_align=\u00a0\u00bbleft\u00a0\u00bb background_animation=\u00a0\u00bbnone\u00a0\u00bb css_animation=\u00a0\u00bb\u00a0\u00bb][vc_column][vc_empty_space][\/vc_column][\/vc_row][vc_row row_type=\u00a0\u00bbrow\u00a0\u00bb use_row_as_full_screen_section=\u00a0\u00bbno\u00a0\u00bb type=\u00a0\u00bbfull_width\u00a0\u00bb text_align=\u00a0\u00bbleft\u00a0\u00bb background_animation=\u00a0\u00bbnone\u00a0\u00bb css_animation=\u00a0\u00bb\u00a0\u00bb css=\u00a0\u00bb.vc_custom_1609299439839{margin: 0px !important;padding: 0px !important;background-color: #ededed !important;border: 0px initial !important;}\u00a0\u00bb][vc_column width=\u00a0\u00bb1\/2&Prime; css=\u00a0\u00bb.vc_custom_1609299395792{margin: 0px !important;padding: 0px !important;border: 0px initial !important;}\u00a0\u00bb][vc_column_text css=\u00a0\u00bb.vc_custom_1772744245005{padding-top: 60px !important;padding-right: 30px !important;padding-left: 40px !important;}\u00a0\u00bb]\n<h3 class=\"qode-iwoi-title\">S\u00e9ance portrait rehauss\u00e9e<\/h3>\n<p>Id\u00e9al pour les portraits d&rsquo;acteurs, les profils de mannequins, la marque personnelle, les profils de rencontres en ligne, etc.<\/p>\n<p>&nbsp;<\/p>\n<h6 style=\"text-align: right;\">$550+taxe<\/h6>\n<h6>comprend:<\/h6>\n<ul>\n<li>S\u00e9ance de 2 heures en studio et\/ou en ext\u00e9rieur pr\u00e8s du studio<\/li>\n<li>Possibilit\u00e9 de changement de tenue et\/ou d&rsquo;arri\u00e8re-plan multiple si n\u00e9cessaire<\/li>\n<li>6 photos num\u00e9riques haute r\u00e9solution retouch\u00e9es en d\u00e9tail inclues<\/li>\n<li>Galerie de preuves priv\u00e9e avec t\u00e9l\u00e9chargement des photos en r\u00e9solution web<\/li>\n<li>Livraison des fichiers finaux dans les 7 jours suivant votre s\u00e9lection<\/li>\n<\/ul>\n<p>&nbsp;<\/p>\n<p>Options suppl\u00e9mentaires :<\/p>\n<ul>\n<li>Maquillage professionnel: 175$ + taxes<\/li>\n<li>Maquillage + coiffure: 200$ + taxes<\/li>\n<li>Photo suppl\u00e9mentaire retouch\u00e9e : 50 $ chacune + taxes<\/li>\n<li>Collection compl\u00e8te de la galerie en haute r\u00e9solution avec des photos \u00e9dit\u00e9es de base, non retouch\u00e9es : 400 $ + taxes<\/li>\n<\/ul>\n[\/vc_column_text][vc_empty_space height=\u00a0\u00bb12px\u00a0\u00bb]<a href=\"https:\/\/squareup.com\/appointments\/book\/wdza4qs0mkiohw\/LXF5K4SE0421J\/services\" target=\"_blank\"  class=\"qbutton  large move_icon\" style=\"font-style: normal; font-weight: 600; \">Book Now<\/a>[\/vc_column][vc_column width=\u00a0\u00bb1\/2&Prime; css=\u00a0\u00bb.vc_custom_1609299429976{margin: 0px !important;padding: 0px !important;border: 0px initial !important;}\u00a0\u00bb][vc_single_image image=\u00a0\u00bb26244&Prime; img_size=\u00a0\u00bbfull\u00a0\u00bb alignment=\u00a0\u00bbright\u00a0\u00bb css=\u00a0\u00bb.vc_custom_1609358911951{margin-top: 0px !important;margin-right: 0px !important;margin-bottom: 0px !important;margin-left: 0px !important;padding-top: 0px !important;padding-right: 0px !important;padding-bottom: 0px !important;padding-left: 0px !important;}\u00a0\u00bb qode_css_animation=\u00a0\u00bb\u00a0\u00bb][\/vc_column][\/vc_row][vc_row row_type=\u00a0\u00bbrow\u00a0\u00bb use_row_as_full_screen_section=\u00a0\u00bbno\u00a0\u00bb type=\u00a0\u00bbfull_width\u00a0\u00bb text_align=\u00a0\u00bbleft\u00a0\u00bb background_animation=\u00a0\u00bbnone\u00a0\u00bb css_animation=\u00a0\u00bb\u00a0\u00bb][vc_column][vc_empty_space][\/vc_column][\/vc_row][vc_row row_type=\u00a0\u00bbrow\u00a0\u00bb use_row_as_full_screen_section=\u00a0\u00bbno\u00a0\u00bb type=\u00a0\u00bbfull_width\u00a0\u00bb text_align=\u00a0\u00bbleft\u00a0\u00bb background_animation=\u00a0\u00bbnone\u00a0\u00bb css_animation=\u00a0\u00bb\u00a0\u00bb css=\u00a0\u00bb.vc_custom_1609299540981{margin: 0px !important;padding: 0px !important;background-color: #ededed !important;border: 0px initial !important;}\u00a0\u00bb][vc_column width=\u00a0\u00bb1\/2&Prime; css=\u00a0\u00bb.vc_custom_1609297045272{padding: 0px !important;border: 0px initial !important;}\u00a0\u00bb][vc_single_image image=\u00a0\u00bb24405&Prime; img_size=\u00a0\u00bbfull\u00a0\u00bb qode_css_animation=\u00a0\u00bb\u00a0\u00bb][\/vc_column][vc_column width=\u00a0\u00bb1\/2&Prime;][vc_column_text css=\u00a0\u00bb.vc_custom_1772744254528{padding-top: 60px !important;padding-right: 30px !important;padding-left: 30px !important;}\u00a0\u00bb]\n<h3 class=\"qode-iwoi-title\">Double-mini s\u00e9ance<\/h3>\n<p>Venez avec votre ami(e) et partagez les frais. Pour 2 personnes.<\/p>\n<p>&nbsp;<\/p>\n<h6 style=\"text-align: right;\">$400+taxe<\/h6>\n<h6>Comprend:<\/h6>\n<ul>\n<li>S\u00e9ance d&rsquo;une heure en studio partag\u00e9e par 2 personnes<\/li>\n<li>Possibilit\u00e9 de changement de tenue et\/ou d&rsquo;arri\u00e8re-plan si n\u00e9cessaire<\/li>\n<li>1 photo num\u00e9rique haute r\u00e9solution retouch\u00e9e en d\u00e9tail incluse pour chaque personne<\/li>\n<li>Galerie de preuves priv\u00e9e avec t\u00e9l\u00e9chargement des photos en r\u00e9solution web<\/li>\n<li>Livraison des fichiers finaux dans les 3 jours suivant votre s\u00e9lection<\/li>\n<\/ul>\n<p>&nbsp;<\/p>\n<p>Options suppl\u00e9mentaires :<\/p>\n<ul>\n<li>Maquillage professionnel: 175$ + taxes<\/li>\n<li>Maquillage + coiffure: 200$ + taxes<\/li>\n<li>Photo suppl\u00e9mentaire retouch\u00e9e : 50 $ chacune + taxes<\/li>\n<li>Collection compl\u00e8te de la galerie en haute r\u00e9solution avec des photos \u00e9dit\u00e9es de base, non retouch\u00e9es : 400 $ + taxes<\/li>\n<\/ul>\n[\/vc_column_text][vc_empty_space height=\u00a0\u00bb12px\u00a0\u00bb]<a href=\"https:\/\/squareup.com\/appointments\/book\/wdza4qs0mkiohw\/LXF5K4SE0421J\/services\" target=\"_blank\"  class=\"qbutton  large move_icon\" style=\"font-style: normal; font-weight: 600; \">Book Now<\/a>[\/vc_column][\/vc_row][vc_row row_type=\u00a0\u00bbrow\u00a0\u00bb use_row_as_full_screen_section=\u00a0\u00bbno\u00a0\u00bb type=\u00a0\u00bbfull_width\u00a0\u00bb text_align=\u00a0\u00bbleft\u00a0\u00bb background_animation=\u00a0\u00bbnone\u00a0\u00bb css_animation=\u00a0\u00bb\u00a0\u00bb][vc_column][vc_empty_space][\/vc_column][\/vc_row][vc_row row_type=\u00a0\u00bbrow\u00a0\u00bb use_row_as_full_screen_section=\u00a0\u00bbno\u00a0\u00bb type=\u00a0\u00bbfull_width\u00a0\u00bb text_align=\u00a0\u00bbleft\u00a0\u00bb background_animation=\u00a0\u00bbnone\u00a0\u00bb css_animation=\u00a0\u00bb\u00a0\u00bb css=\u00a0\u00bb.vc_custom_1609299439839{margin: 0px !important;padding: 0px !important;background-color: #ededed !important;border: 0px initial !important;}\u00a0\u00bb][vc_column width=\u00a0\u00bb1\/2&Prime; css=\u00a0\u00bb.vc_custom_1609299395792{margin: 0px !important;padding: 0px !important;border: 0px initial !important;}\u00a0\u00bb][vc_column_text css=\u00a0\u00bb.vc_custom_1682454693792{padding-top: 30px !important;padding-right: 30px !important;padding-left: 40px !important;}\u00a0\u00bb]\n<h3 class=\"qode-iwoi-title\">S\u00e9ance de portrait premium<\/h3>\n<p>Id\u00e9ale pour les acteurs, les mod\u00e8les, la cr\u00e9ation d&rsquo;une marque personnelle, la couverture d&rsquo;album de musique, les projets cr\u00e9atifs, etc.<\/p>\n<p>&nbsp;<\/p>\n<h6 style=\"text-align: right;\">$1500+taxe<\/h6>\n<h6>Comprend:<\/h6>\n<ul>\n<li>Demi-journ\u00e9e de s\u00e9ance en studio<\/li>\n<li>Possibilit\u00e9 de changement de tenue et\/ou d&rsquo;arri\u00e8re-plan avec diff\u00e9rents styles d&rsquo;\u00e9clairage<\/li>\n<li>Maquillage professionnel et coiffure<\/li>\n<li>12 photos num\u00e9riques haute r\u00e9solution retouch\u00e9es en d\u00e9tail incluses<\/li>\n<li>Collection compl\u00e8te de la galerie en haute r\u00e9solution avec des photos \u00e9dit\u00e9es de base, non retouch\u00e9es<\/li>\n<li>Livraison des fichiers finaux dans les 7 jours suivant votre s\u00e9lection<\/li>\n<\/ul>\n<p>&nbsp;<\/p>\n<p>Options suppl\u00e9mentaires :<\/p>\n<ul>\n<li>Photo suppl\u00e9mentaire retouch\u00e9e : 50 $ chacune + taxes<\/li>\n<\/ul>\n[\/vc_column_text][vc_empty_space height=\u00a0\u00bb12px\u00a0\u00bb]<a href=\"https:\/\/squareup.com\/appointments\/book\/wdza4qs0mkiohw\/LXF5K4SE0421J\/services\" target=\"_blank\"  class=\"qbutton  large move_icon\" style=\"font-style: normal; font-weight: 600; \">Book Now<\/a>[\/vc_column][vc_column width=\u00a0\u00bb1\/2&Prime; css=\u00a0\u00bb.vc_custom_1609299429976{margin: 0px !important;padding: 0px !important;border: 0px initial !important;}\u00a0\u00bb][vc_single_image image=\u00a0\u00bb25643&Prime; img_size=\u00a0\u00bbfull\u00a0\u00bb css=\u00a0\u00bb.vc_custom_1609358940889{margin-top: 0px !important;margin-right: 0px !important;margin-bottom: 0px !important;margin-left: 0px !important;padding-top: 0px !important;padding-right: 0px !important;padding-bottom: 0px !important;padding-left: 0px !important;}\u00a0\u00bb qode_css_animation=\u00a0\u00bb\u00a0\u00bb][\/vc_column][\/vc_row][vc_row row_type=\u00a0\u00bbrow\u00a0\u00bb use_row_as_full_screen_section=\u00a0\u00bbno\u00a0\u00bb type=\u00a0\u00bbfull_width\u00a0\u00bb text_align=\u00a0\u00bbleft\u00a0\u00bb background_animation=\u00a0\u00bbnone\u00a0\u00bb css_animation=\u00a0\u00bb\u00a0\u00bb][vc_column][vc_empty_space][\/vc_column][\/vc_row][vc_row row_type=\u00a0\u00bbrow\u00a0\u00bb use_row_as_full_screen_section=\u00a0\u00bbno\u00a0\u00bb type=\u00a0\u00bbfull_width\u00a0\u00bb text_align=\u00a0\u00bbleft\u00a0\u00bb background_animation=\u00a0\u00bbnone\u00a0\u00bb css_animation=\u00a0\u00bb\u00a0\u00bb css=\u00a0\u00bb.vc_custom_1609299540981{margin: 0px !important;padding: 0px !important;background-color: #ededed !important;border: 0px initial !important;}\u00a0\u00bb][vc_column width=\u00a0\u00bb1\/2&Prime; css=\u00a0\u00bb.vc_custom_1609297045272{padding: 0px !important;border: 0px initial !important;}\u00a0\u00bb][vc_single_image image=\u00a0\u00bb25676&Prime; img_size=\u00a0\u00bbfull\u00a0\u00bb qode_css_animation=\u00a0\u00bb\u00a0\u00bb][\/vc_column][vc_column width=\u00a0\u00bb1\/2&Prime;][vc_column_text css=\u00a0\u00bb.vc_custom_1682454728828{padding-top: 60px !important;padding-right: 30px !important;padding-left: 30px !important;}\u00a0\u00bb]\n<h5>Pour les photos d&rsquo;\u00e9quipe et les portraits de groupe en studio ou en d\u00e9placement, veuillez me contacter \u00e0 l&rsquo;adresse <a href=\"mailto:info@nadiazheng.com\" target=\"_new\" rel=\"noopener\">info@nadiazheng.com<\/a>.<\/h5>\n[\/vc_column_text][vc_empty_space height=\u00a0\u00bb12px\u00a0\u00bb][vc_column_text]<div id=\"inbound-form-wrapper\" class=\"inbound-form-wrapper\"><form class=\"inbound-now-form wpl-track-me inbound-track \" method=\"post\" id=\"contact\" action=\"\" style=\"\"><input style=\"display:none\" name=\"phone_xoxo\" class=\"phone_xoxo\" value=\"\"><div class=\"inbound-field inbound-vertical label-inbound-label-top inbound-label-top \"><label for=\"first-name\" class=\"inbound-label first-name inbound-label-top inbound-input-text\" style=\" font-size:16px;\">First Name<span class=\"inbound-required\">*<\/span><\/label><input type=\"text\" class=\"inbound-input inbound-input-text first-name inbound-first-name \" name=\"first-name\" placeholder='Enter Your First Name' id=\"first-name\" value=\"\"  required data-required=\"true\"\/><\/div><div class=\"inbound-field inbound-vertical label-inbound-label-top inbound-label-top \"><label for=\"last-name\" class=\"inbound-label last-name inbound-label-top inbound-input-text\" style=\" font-size:16px;\">Last Name<span class=\"inbound-required\">*<\/span><\/label><input type=\"text\" class=\"inbound-input inbound-input-text last-name inbound-last-name \" name=\"last-name\" placeholder='Enter Your Last Name' id=\"last-name\" value=\"\"  required data-required=\"true\"\/><\/div><div class=\"inbound-field inbound-vertical label-inbound-label-top inbound-label-top \"><label for=\"email-(-i-always-reply-to-your-emails.-please-check-your-spam-mail-if-you-didn't-hear-from-me-within-24-hours)-\" class=\"inbound-label email--i-always-reply-to-your-emails-please-check-your-spam-mail-if-you-didnt-hear-from-me-within-24-hours inbound-label-top inbound-input-text\" style=\" font-size:16px;\">Email ( I always reply to your emails. Please check your spam mail if you didn't hear from me within 24 hours) <span class=\"inbound-required\">*<\/span><\/label><input type=\"email\" class=\"inbound-input inbound-input-text email--i-always-reply-to-your-emails-please-check-your-spam-mail-if-you-didnt-hear-from-me-within-24-hours inbound-email \" name=\"email-(-i-always-reply-to-your-emails.-please-check-your-spam-mail-if-you-didn't-hear-from-me-within-24-hours)-\" placeholder='Enter Your Email Address' id=\"email-(-i-always-reply-to-your-emails.-please-check-your-spam-mail-if-you-didn't-hear-from-me-within-24-hours)-\" value=\"\"  required data-required=\"true\"\/><\/div><div class=\"inbound-field inbound-vertical label-inbound-label-top inbound-label-top \"><label for=\"wpleads_mobile_phone\" class=\"inbound-label phone-number inbound-label-top inbound-input-text\" style=\" font-size:16px;\">Phone number<\/label><input type=\"text\" class=\"inbound-input inbound-input-text phone-number inbound-phone \" name=\"wpleads_mobile_phone\" placeholder='Enter your phone number' id=\"wpleads_mobile_phone\" value=\"\"  data-map-form-field=\"wpleads_mobile_phone\"  \/><\/div><div class=\"inbound-field inbound-vertical label-inbound-label-top inbound-label-top \"><label for=\"message\" class=\"inbound-label message inbound-label-top inbound-input-textarea\" style=\" font-size:16px;\">Message<\/label><textarea placeholder=\"Let me know how I could help you. Your message will always be replied within 24 hours.\" class=\"inbound-input inbound-input-textarea \" name=\"message\" id=\"message\"  \/><\/textarea><\/div><div class=\"inbound-field inbound-vertical inbound-submit-area\"><button type=\"submit\" class=\"inbound-button-submit inbound-submit-action\" value=\"Submit\" name=\"send\" id=\"inbound_form_submit\" data-ignore-form-field=\"true\" style=\"position:relative;\"><i class=\"fa-cloud font-awesome fa\"><\/i>Submit<\/button><\/div><input data-ignore-form-field=\"true\" type=\"hidden\" name=\"inbound_submitted\" value=\"1\"><input type=\"hidden\" name=\"inbound_form_n\" class=\"inbound_form_n\" value=\"Contact\"><input type=\"hidden\" name=\"inbound_form_lists\" id=\"inbound_form_lists\" value=\"\" data-map-form-field=\"inbound_form_lists\"><input type=\"hidden\" name=\"inbound_form_tags\" id=\"inbound_form_tags\" value=\"\" data-map-form-field=\"inbound_form_tags\"><input type=\"hidden\" name=\"inbound_form_id\" class=\"inbound_form_id\" value=\"21685\"><input type=\"hidden\" name=\"inbound_current_page_url\" value=\"http:\/\/nadiazheng.com\/fr\/wp-json\/wp\/v2\/pages\/28648\"><input type=\"hidden\" name=\"page_id\" value=\"28648\"><input type=\"hidden\" name=\"inbound_furl\" value=\"aHR0cDovL25hZGlhemhlbmcuY29tL3RoYW5reW91\"><input type=\"hidden\" name=\"inbound_notify\" value=\"aW5mb0BuYWRpYXpoZW5nLmNvbQ==\"><input type=\"hidden\" name=\"inbound_nonce\" value=\"1bc53f7fb9\"><input type=\"hidden\" class=\"inbound_params\" name=\"inbound_params\" value=\"\"><\/div><\/form><style type='text\/css'>.inbound-button-submit{  font-size:16px; }<\/style>[\/vc_column_text][\/vc_column][\/vc_row][vc_row row_type=\u00a0\u00bbrow\u00a0\u00bb use_row_as_full_screen_section=\u00a0\u00bbno\u00a0\u00bb type=\u00a0\u00bbfull_width\u00a0\u00bb text_align=\u00a0\u00bbcenter\u00a0\u00bb background_animation=\u00a0\u00bbnone\u00a0\u00bb css_animation=\u00a0\u00bb\u00a0\u00bb][vc_column][\/vc_column][\/vc_row]\n<\/div>","protected":false},"excerpt":{"rendered":"<p>[vc_row row_type=\u00a0\u00bbrow\u00a0\u00bb use_row_as_full_screen_section=\u00a0\u00bbno\u00a0\u00bb type=\u00a0\u00bbfull_width\u00a0\u00bb text_align=\u00a0\u00bbleft\u00a0\u00bb background_animation=\u00a0\u00bbnone\u00a0\u00bb css_animation=\u00a0\u00bb\u00a0\u00bb][vc_column][vc_empty_space][vc_text_separator title=\u00a0\u00bbPortrait Pricing &amp; Booking\u00a0\u00bb css_animation=\u00a0\u00bbnone\u00a0\u00bb][vc_empty_space][\/vc_column][\/vc_row][vc_row row_type=\u00a0\u00bbrow\u00a0\u00bb use_row_as_full_screen_section=\u00a0\u00bbno\u00a0\u00bb type=\u00a0\u00bbfull_width\u00a0\u00bb text_align=\u00a0\u00bbleft\u00a0\u00bb background_animation=\u00a0\u00bbnone\u00a0\u00bb css_animation=\u00a0\u00bb\u00a0\u00bb css=\u00a0\u00bb.vc_custom_1609299439839{margin: 0px !important;padding: 0px !important;background-color: #ededed !important;border: 0px initial !important;}\u00a0\u00bb][vc_column width=\u00a0\u00bb1\/2&Prime; css=\u00a0\u00bb.vc_custom_1609299395792{margin: 0px !important;padding: 0px !important;border: 0px initial !important;}\u00a0\u00bb][vc_column_text css=\u00a0\u00bb.vc_custom_1682454634595{padding-top: 60px !important;padding-right: 30px !important;padding-left: 40px !important;}\u00a0\u00bb] S\u00e9ance&#8230;<\/p>\n","protected":false},"author":1,"featured_media":0,"parent":0,"menu_order":0,"comment_status":"closed","ping_status":"closed","template":"","meta":{"_monsterinsights_skip_tracking":false,"_monsterinsights_sitenote_active":false,"_monsterinsights_sitenote_note":"","_monsterinsights_sitenote_category":0,"footnotes":""},"class_list":["post-28648","page","type-page","status-publish","hentry"],"aioseo_notices":[],"_links":{"self":[{"href":"https:\/\/nadiazheng.com\/fr\/wp-json\/wp\/v2\/pages\/28648","targetHints":{"allow":["GET"]}}],"collection":[{"href":"https:\/\/nadiazheng.com\/fr\/wp-json\/wp\/v2\/pages"}],"about":[{"href":"https:\/\/nadiazheng.com\/fr\/wp-json\/wp\/v2\/types\/page"}],"author":[{"embeddable":true,"href":"https:\/\/nadiazheng.com\/fr\/wp-json\/wp\/v2\/users\/1"}],"replies":[{"embeddable":true,"href":"https:\/\/nadiazheng.com\/fr\/wp-json\/wp\/v2\/comments?post=28648"}],"version-history":[{"count":15,"href":"https:\/\/nadiazheng.com\/fr\/wp-json\/wp\/v2\/pages\/28648\/revisions"}],"predecessor-version":[{"id":30480,"href":"https:\/\/nadiazheng.com\/fr\/wp-json\/wp\/v2\/pages\/28648\/revisions\/30480"}],"wp:attachment":[{"href":"https:\/\/nadiazheng.com\/fr\/wp-json\/wp\/v2\/media?parent=28648"}],"curies":[{"name":"wp","href":"https:\/\/api.w.org\/{rel}","templated":true}]}}